{"id":25,"date":"2026-02-01T19:47:19","date_gmt":"2026-02-01T18:47:19","guid":{"rendered":"https:\/\/montge-fort-et-vert.fr\/?page_id=25"},"modified":"2026-03-09T18:54:39","modified_gmt":"2026-03-09T17:54:39","slug":"accueil","status":"publish","type":"page","link":"https:\/\/montge-fort-et-vert.fr\/","title":{"rendered":"Page d&rsquo;accueil"},"content":{"rendered":"\n<figure class=\"wp-block-image size-full\"><img loading=\"lazy\" decoding=\"async\" width=\"595\" height=\"234\" src=\"http:\/\/montge-fort-et-vert.fr\/wp-content\/uploads\/2026\/02\/fort-et-vert-V2.png\" alt=\"\" class=\"wp-image-11\" srcset=\"https:\/\/montge-fort-et-vert.fr\/wp-content\/uploads\/2026\/02\/fort-et-vert-V2.png 595w, https:\/\/montge-fort-et-vert.fr\/wp-content\/uploads\/2026\/02\/fort-et-vert-V2-300x118.png 300w\" sizes=\"auto, (max-width: 595px) 100vw, 595px\" \/><\/figure>\n\n\n\n<h2 class=\"wp-block-heading has-large-font-size\">Les \u00e9lections municipales auront lieu le 15 mars prochain. Avec une \u00e9quipe solide qui incarne \u00e0 la fois la stabilit\u00e9, l\u2019exp\u00e9rience, le renouveau et la diversit\u00e9 je souhaite continuer les actions entreprises au cours des mandats pr\u00e9c\u00e9dents au b\u00e9n\u00e9fice de notre commune et de ses habitants.<\/h2>\n\n\n\n<p>Ce nouveau mandat sera pour moi celui de la transmission, pour partager l\u2019exp\u00e9rience accumul\u00e9e et accompagner celles et ceux qui feront vivre notre commune demain.<\/p>\n\n\n\n<p class=\"has-large-font-size\">C\u2019est donc avec plaisir que je vous pr\u00e9sente l\u2019\u00e9quipe pour un <strong>\u00ab&nbsp;Montg\u00e9 Fort et Vert&nbsp;\u00bb <\/strong>qui se pr\u00e9sente avec moi \u00e0 vos suffrages.<\/p>\n\n\n\n<p>Nous reviendrons prochainement vers vous pour pr\u00e9senter le bilan des six ann\u00e9es pass\u00e9es et nos projets toujours guid\u00e9s par l\u2019int\u00e9r\u00eat commun et la valorisation de notre commun<\/p>\n\n\n\n<p>Pascal Hiraux, votre Maire&nbsp;&nbsp;&nbsp;&nbsp;<\/p>\n\n\n\n<ul class=\"wp-block-list\">\n<li>G\u00e9rard DUBOIS (Adjoint sortant)<\/li>\n\n\n\n<li>Isabelle GUERROUDJ (Adjointe sortante)<\/li>\n\n\n\n<li>S\u00e9bastien G\u00c9RAL (Adjoint sortant)<\/li>\n\n\n\n<li>Ghislaine CHAMBE (Conseill\u00e8re sortante)<\/li>\n\n\n\n<li>Alain SANCHIS (Conseiller sortant)<\/li>\n\n\n\n<li>R\u00e9mi PELLETIER (Conseiller sortant)<\/li>\n\n\n\n<li>Philippe DELMOTTE (Conseiller sortant)<\/li>\n<\/ul>\n\n\n\n<p>Rejoints par&nbsp;:&nbsp;&nbsp;&nbsp;&nbsp;&nbsp;&nbsp;&nbsp;<\/p>\n\n\n\n<ul class=\"wp-block-list\">\n<li>Alexandre BRION<\/li>\n\n\n\n<li>Mathilde CONTE<\/li>\n\n\n\n<li>Nastassia DRAGOJEVIC<\/li>\n\n\n\n<li>Ren\u00e9 GAUVIN<\/li>\n\n\n\n<li>Ga\u00eblle LORA<\/li>\n\n\n\n<li>Florence MADIOT<\/li>\n\n\n\n<li>Madeleine SIMONETTI<\/li>\n<\/ul>\n\n\n\n<p>&nbsp;&nbsp;&nbsp;&nbsp;&nbsp;&nbsp;&nbsp;&nbsp;&nbsp;&nbsp;&nbsp;&nbsp;&nbsp;&nbsp;&nbsp;&nbsp;&nbsp;&nbsp;&nbsp;&nbsp;&nbsp;&nbsp;&nbsp;&nbsp;&nbsp;&nbsp;&nbsp;&nbsp;&nbsp;&nbsp;&nbsp;&nbsp;&nbsp;&nbsp;&nbsp;&nbsp;&nbsp;&nbsp;&nbsp;&nbsp;&nbsp;&nbsp;&nbsp;&nbsp;&nbsp;&nbsp;&nbsp;&nbsp;&nbsp;&nbsp;&nbsp;&nbsp;&nbsp;&nbsp;&nbsp;&nbsp;&nbsp;&nbsp;&nbsp;&nbsp;&nbsp;&nbsp;&nbsp;&nbsp;&nbsp;&nbsp;&nbsp;&nbsp;&nbsp;&nbsp;&nbsp;&nbsp;&nbsp;&nbsp;&nbsp;&nbsp;&nbsp;&nbsp;&nbsp;&nbsp;&nbsp;&nbsp; Candidats Titulaires<\/p>\n\n\n\n<p>Et&nbsp;:<\/p>\n\n\n\n<p>Magali GERAL  &#8211; Mikael HOUREZ (Conseiller sortant)&nbsp;<\/p>\n\n\n\n<p>&nbsp;&nbsp;&nbsp;&nbsp;&nbsp;&nbsp;&nbsp;&nbsp;&nbsp;&nbsp;&nbsp;&nbsp;&nbsp;&nbsp;&nbsp;&nbsp;&nbsp;&nbsp;&nbsp;&nbsp;&nbsp;&nbsp;&nbsp;&nbsp;&nbsp;&nbsp;&nbsp;&nbsp;&nbsp;&nbsp;&nbsp;&nbsp;&nbsp;&nbsp;&nbsp;&nbsp;&nbsp;&nbsp;&nbsp;&nbsp;&nbsp;&nbsp;&nbsp;&nbsp;&nbsp;&nbsp;&nbsp;&nbsp;&nbsp;&nbsp;&nbsp;&nbsp;&nbsp;&nbsp;&nbsp;&nbsp;&nbsp;&nbsp;&nbsp;&nbsp;&nbsp;&nbsp;&nbsp;&nbsp;&nbsp;&nbsp;&nbsp;&nbsp;&nbsp; &nbsp;&nbsp;&nbsp;&nbsp;&nbsp;&nbsp;&nbsp;&nbsp;&nbsp;&nbsp;&nbsp; Candidats Suppl\u00e9ants<\/p>\n\n\n\n<figure class=\"wp-block-image size-large\"><img loading=\"lazy\" decoding=\"async\" width=\"706\" height=\"1024\" src=\"https:\/\/montge-fort-et-vert.fr\/wp-content\/uploads\/2026\/03\/PF-Page-1-706x1024.jpeg\" alt=\"\" class=\"wp-image-49\" srcset=\"https:\/\/montge-fort-et-vert.fr\/wp-content\/uploads\/2026\/03\/PF-Page-1-706x1024.jpeg 706w, https:\/\/montge-fort-et-vert.fr\/wp-content\/uploads\/2026\/03\/PF-Page-1-207x300.jpeg 207w, https:\/\/montge-fort-et-vert.fr\/wp-content\/uploads\/2026\/03\/PF-Page-1-768x1114.jpeg 768w, https:\/\/montge-fort-et-vert.fr\/wp-content\/uploads\/2026\/03\/PF-Page-1-1059x1536.jpeg 1059w, https:\/\/montge-fort-et-vert.fr\/wp-content\/uploads\/2026\/03\/PF-Page-1-1412x2048.jpeg 1412w, https:\/\/montge-fort-et-vert.fr\/wp-content\/uploads\/2026\/03\/PF-Page-1-scaled.jpeg 1765w\" sizes=\"auto, (max-width: 706px) 100vw, 706px\" \/><\/figure>\n\n\n\n<figure class=\"wp-block-image size-large\"><img loading=\"lazy\" decoding=\"async\" width=\"708\" height=\"1024\" src=\"https:\/\/montge-fort-et-vert.fr\/wp-content\/uploads\/2026\/03\/PF-Page-4-708x1024.jpeg\" alt=\"\" class=\"wp-image-52\" srcset=\"https:\/\/montge-fort-et-vert.fr\/wp-content\/uploads\/2026\/03\/PF-Page-4-708x1024.jpeg 708w, https:\/\/montge-fort-et-vert.fr\/wp-content\/uploads\/2026\/03\/PF-Page-4-207x300.jpeg 207w, https:\/\/montge-fort-et-vert.fr\/wp-content\/uploads\/2026\/03\/PF-Page-4-768x1110.jpeg 768w, https:\/\/montge-fort-et-vert.fr\/wp-content\/uploads\/2026\/03\/PF-Page-4-1062x1536.jpeg 1062w, https:\/\/montge-fort-et-vert.fr\/wp-content\/uploads\/2026\/03\/PF-Page-4-1416x2048.jpeg 1416w, https:\/\/montge-fort-et-vert.fr\/wp-content\/uploads\/2026\/03\/PF-Page-4-scaled.jpeg 1771w\" sizes=\"auto, (max-width: 708px) 100vw, 708px\" \/><\/figure>\n\n\n\n<figure class=\"wp-block-image size-large\"><img loading=\"lazy\" decoding=\"async\" width=\"706\" height=\"1024\" src=\"https:\/\/montge-fort-et-vert.fr\/wp-content\/uploads\/2026\/03\/PF-Page-3-706x1024.jpeg\" alt=\"\" class=\"wp-image-54\" srcset=\"https:\/\/montge-fort-et-vert.fr\/wp-content\/uploads\/2026\/03\/PF-Page-3-706x1024.jpeg 706w, https:\/\/montge-fort-et-vert.fr\/wp-content\/uploads\/2026\/03\/PF-Page-3-207x300.jpeg 207w, https:\/\/montge-fort-et-vert.fr\/wp-content\/uploads\/2026\/03\/PF-Page-3-768x1114.jpeg 768w, https:\/\/montge-fort-et-vert.fr\/wp-content\/uploads\/2026\/03\/PF-Page-3-1059x1536.jpeg 1059w, https:\/\/montge-fort-et-vert.fr\/wp-content\/uploads\/2026\/03\/PF-Page-3-1412x2048.jpeg 1412w, https:\/\/montge-fort-et-vert.fr\/wp-content\/uploads\/2026\/03\/PF-Page-3-scaled.jpeg 1766w\" sizes=\"auto, (max-width: 706px) 100vw, 706px\" \/><\/figure>\n","protected":false},"excerpt":{"rendered":"<p>Les \u00e9lections municipales auront lieu le 15 mars prochain. Avec une \u00e9quipe solide qui incarne \u00e0 la fois la stabilit\u00e9, l\u2019exp\u00e9rience, le renouveau et la diversit\u00e9 je souhaite continuer les actions entreprises au cours des mandats pr\u00e9c\u00e9dents au b\u00e9n\u00e9fice de notre commune et de ses habitants. Ce nouveau mandat sera pour moi celui de la [&hellip;]<\/p>\n","protected":false},"author":1,"featured_media":0,"parent":0,"menu_order":0,"comment_status":"closed","ping_status":"closed","template":"","meta":{"footnotes":""},"class_list":["post-25","page","type-page","status-publish","hentry"],"_links":{"self":[{"href":"https:\/\/montge-fort-et-vert.fr\/index.php\/wp-json\/wp\/v2\/pages\/25","targetHints":{"allow":["GET"]}}],"collection":[{"href":"https:\/\/montge-fort-et-vert.fr\/index.php\/wp-json\/wp\/v2\/pages"}],"about":[{"href":"https:\/\/montge-fort-et-vert.fr\/index.php\/wp-json\/wp\/v2\/types\/page"}],"author":[{"embeddable":true,"href":"https:\/\/montge-fort-et-vert.fr\/index.php\/wp-json\/wp\/v2\/users\/1"}],"replies":[{"embeddable":true,"href":"https:\/\/montge-fort-et-vert.fr\/index.php\/wp-json\/wp\/v2\/comments?post=25"}],"version-history":[{"count":10,"href":"https:\/\/montge-fort-et-vert.fr\/index.php\/wp-json\/wp\/v2\/pages\/25\/revisions"}],"predecessor-version":[{"id":55,"href":"https:\/\/montge-fort-et-vert.fr\/index.php\/wp-json\/wp\/v2\/pages\/25\/revisions\/55"}],"wp:attachment":[{"href":"https:\/\/montge-fort-et-vert.fr\/index.php\/wp-json\/wp\/v2\/media?parent=25"}],"curies":[{"name":"wp","href":"https:\/\/api.w.org\/{rel}","templated":true}]}}